{"id":37809,"date":"2022-01-12T08:23:24","date_gmt":"2022-01-12T08:23:24","guid":{"rendered":"https:\/\/www.infosim.net\/forschung\/qoncert\/"},"modified":"2022-02-28T13:01:31","modified_gmt":"2022-02-28T13:01:31","slug":"qoncert","status":"publish","type":"page","link":"https:\/\/www.infosim.net\/de\/innovation\/forschung\/qoncert\/","title":{"rendered":"Qoncert"},"content":{"rendered":"\n[et_pb_section fb_built=&#8220;1&#8243; _builder_version=&#8220;3.26.6&#8243; custom_padding=&#8220;0px|||||&#8220; locked=&#8220;off&#8220; global_colors_info=&#8220;{}&#8220;][et_pb_row _builder_version=&#8220;3.26.6&#8243; global_colors_info=&#8220;{}&#8220;][et_pb_column type=&#8220;4_4&#8243; _builder_version=&#8220;3.26.6&#8243; global_colors_info=&#8220;{}&#8220;][et_pb_text _builder_version=&#8220;4.13.0&#8243; text_font_size=&#8220;25px&#8220; header_font_size=&#8220;41px&#8220; header_2_font_size=&#8220;23px&#8220; header_2_line_height=&#8220;1.3em&#8220; text_orientation=&#8220;center&#8220; text_text_align=&#8220;center&#8220; global_colors_info=&#8220;{}&#8220;]<h1>QONCERT<\/h1>\n<p>Datenbasierte Automatisierung der Qualit\u00e4tspr\u00fcfung und Online-Vermarktung von Rezyklaten in der Circular Economy durch robuste Technologien<\/p>[\/et_pb_text][et_pb_image src=&#8220;https:\/\/www.infosim.net\/wp-content\/uploads\/1\/2022\/01\/QONCERT_Logo_718x718.jpg&#8220; title_text=&#8220;QONCERT Logo 718&#215;718&#8243; align=&#8220;center&#8220; _builder_version=&#8220;4.13.0&#8243; _module_preset=&#8220;default&#8220; max_width=&#8220;15%&#8220; max_width_tablet=&#8220;30%&#8220; max_width_phone=&#8220;50%&#8220; max_width_last_edited=&#8220;on|phone&#8220; global_colors_info=&#8220;{}&#8220; max_width__hover_enabled=&#8220;off|desktop&#8220;][\/et_pb_image][\/et_pb_column][\/et_pb_row][et_pb_row _builder_version=&#8220;3.26.6&#8243; global_colors_info=&#8220;{}&#8220;][et_pb_column type=&#8220;4_4&#8243; _builder_version=&#8220;3.26.6&#8243; global_colors_info=&#8220;{}&#8220;][et_pb_text _builder_version=&#8220;4.13.0&#8243; hover_enabled=&#8220;0&#8243; global_colors_info=&#8220;{}&#8220; sticky_enabled=&#8220;0&#8243;]<h2>Zielsetzung<\/h2>\n<p><\/p>\n<p>Die Circular Economy ist eine der gr\u00f6\u00dften Aufgaben unserer Zeit. Dies gilt besonders f\u00fcr Kunststoffe, f\u00fcr die &#8222;Reduce, Reuse und Recycle&#8220; dringend verbessert werden m\u00fcssen, um den Rohstoffverbrauch zu senken. Dies fordert auch die EU in ihrem Circular Economy Action Plan. Indessen k\u00e4mpft die Kunststoffindustrie mit dem Problem, dass zu wenige hochwertige Sekund\u00e4rkunststoffe vorhanden sind, um diese Ziele zu erreichen. Dieser Herausforderung nehmen wir uns mit unserem Forschungsprojekt QONCERT an, um die Verf\u00fcgbarkeit und Qualit\u00e4t von Sekund\u00e4rkunststoffen mithilfe von Software zu verbessern.<\/p>[\/et_pb_text][\/et_pb_column][\/et_pb_row][et_pb_row _builder_version=&#8220;3.26.6&#8243; global_colors_info=&#8220;{}&#8220;][et_pb_column type=&#8220;4_4&#8243; _builder_version=&#8220;3.26.6&#8243; global_colors_info=&#8220;{}&#8220;][et_pb_text _builder_version=&#8220;4.13.0&#8243; global_colors_info=&#8220;{}&#8220;]<h2>Implementierung<\/h2>\n<p><\/p>\n<p>Im Mittelpunkt des Projekts steht die Automatisierung sowohl der Qualit\u00e4tspr\u00fcfung als auch der Vermarktung von Sekund\u00e4rkunststoffen mithilfe einer digitalen Plattform.<\/p> \n<p>QONCERT soll folgende Ziele erreichen: Kunststoffverarbeiter und Recycler sollen mithilfe der Software ihre Kunststoffabf\u00e4lle und Rezyklate mit geringem Aufwand \u00fcber mehrere Vertriebskan\u00e4le, wie z.B. Online-Marktpl\u00e4tze, gleichzeitig vermarkten k\u00f6nnen. <\/p>\n<p>Zus\u00e4tzlich werden Pr\u00fcfungen zur Beurteilung der qualitativen Eigenschaften der Materialien digital in diesen Prozess integriert, damit sie effizienter werden. Ben\u00f6tigte Nachweise wie Pr\u00fcfberichte und Zertifikate k\u00f6nnen dann schneller und bereitgestellt werden. \n\n<\/p>[\/et_pb_text][et_pb_image src=&#8220;https:\/\/www.infosim.net\/wp-content\/uploads\/1\/2022\/01\/qoncert-overview.png&#8220; title_text=&#8220;Qoncert Overview&#8220; show_in_lightbox=&#8220;on&#8220; align=&#8220;center&#8220; _builder_version=&#8220;4.13.0&#8243; _module_preset=&#8220;default&#8220; max_width=&#8220;50%&#8220; max_width_tablet=&#8220;70%&#8220; max_width_phone=&#8220;100%&#8220; max_width_last_edited=&#8220;on|phone&#8220; global_colors_info=&#8220;{}&#8220;][\/et_pb_image][\/et_pb_column][\/et_pb_row][et_pb_row _builder_version=&#8220;3.26.6&#8243; global_colors_info=&#8220;{}&#8220;][et_pb_column type=&#8220;4_4&#8243; _builder_version=&#8220;3.26.6&#8243; global_colors_info=&#8220;{}&#8220;][et_pb_testimonial author=&#8220;Felix Hartmann, SKZ-Testing GmbH&#8220; portrait_url=&#8220;https:\/\/www.infosim.net\/wp-content\/uploads\/1\/2021\/12\/skz-klein-logo.jpg&#8220; _builder_version=&#8220;4.13.0&#8243; _module_preset=&#8220;default&#8220; body_text_align=&#8220;left&#8220; custom_css_testimonial_author=&#8220;margin-top:0px;&#8220; global_colors_info=&#8220;{}&#8220;]<p>Mit dem Projekt \u201eQONCERT\u201c schaffen wir die gr\u00f6\u00dftm\u00f6gliche Integration der Materialpr\u00fcfung in den Handel mit Recyclingmaterialien und erm\u00f6glichen so eine breite Nutzung dieser Rohstoffe. <\/p>[\/et_pb_testimonial][\/et_pb_column][\/et_pb_row][et_pb_row _builder_version=&#8220;4.13.0&#8243; _module_preset=&#8220;default&#8220; custom_margin=&#8220;||50px||false|false&#8220; global_colors_info=&#8220;{}&#8220;][et_pb_column type=&#8220;4_4&#8243; _builder_version=&#8220;4.13.0&#8243; _module_preset=&#8220;default&#8220; global_colors_info=&#8220;{}&#8220;][et_pb_text _builder_version=&#8220;4.13.0&#8243; global_colors_info=&#8220;{}&#8220;]<h2>Unser Beitrag<\/h2>\n<p><\/p>\n<p>Die Aufgaben von Infosim in diesem Projekt sind die Konzeption und Implementierung der zentralen Webapplikation, der neu entwickelten Komponenten, z.B. f\u00fcr digitale Pr\u00fcfdienstleistungen, und der erforderlichen Schnittstellen. Damit verbunden sind auch die Erarbeitung des Datenmodells inkl. einer Ontologie sowie die Umsetzung der entwickelten Automatisierungsmethoden innerhalb der Software.<\/p>[\/et_pb_text][\/et_pb_column][\/et_pb_row][et_pb_row column_structure=&#8220;1_4,3_4&#8243; module_class=&#8220;bt-inline&#8220; _builder_version=&#8220;3.26.6&#8243; locked=&#8220;off&#8220; global_colors_info=&#8220;{}&#8220;][et_pb_column type=&#8220;1_4&#8243; _builder_version=&#8220;3.26.6&#8243; global_colors_info=&#8220;{}&#8220;][et_pb_text module_class=&#8220;bt-inline&#8220; _builder_version=&#8220;4.13.0&#8243; header_2_font_size=&#8220;22px&#8220; min_height=&#8220;53px&#8220; custom_margin=&#8220;0px||15px||false|false&#8220; custom_padding=&#8220;0px|0px|0px||false|false&#8220; global_colors_info=&#8220;{}&#8220;]<h2>Finanzierung:<\/h2>[\/et_pb_text][et_pb_image src=&#8220;https:\/\/www.infosim.net\/wp-content\/uploads\/1\/2021\/12\/bavarian-ministry-economic-energie-logo.png&#8220; alt=&#8220;STMWI Logo&#8220; title_text=&#8220;Bavarian Ministry Economic Energie Logo&#8220; url=&#8220;https:\/\/www.stmwi.bayern.de\/&#8220; url_new_window=&#8220;on&#8220; show_bottom_space=&#8220;off&#8220; _builder_version=&#8220;4.13.0&#8243; width=&#8220;100%&#8220; height=&#8220;85px&#8220; max_height=&#8220;85px&#8220; global_colors_info=&#8220;{}&#8220;][\/et_pb_image][\/et_pb_column][et_pb_column type=&#8220;3_4&#8243; _builder_version=&#8220;3.26.6&#8243; global_colors_info=&#8220;{}&#8220;][et_pb_text _builder_version=&#8220;4.13.0&#8243; custom_margin=&#8220;80px||||false|false&#8220; global_colors_info=&#8220;{}&#8220; text_text_align_phone=&#8220;center&#8220; text_text_align_last_edited=&#8220;on|desktop&#8220;]Bayerisches Staatsministerium f\u00fcr Wirtschaft, Landesentwicklung und Energie\r\nProgramm: &#8222;K\u00fcnstliche Intelligenz &#8211; Big Data&#8220;[\/et_pb_text][\/et_pb_column][\/et_pb_row][et_pb_row _builder_version=&#8220;3.26.6&#8243; locked=&#8220;off&#8220; global_colors_info=&#8220;{}&#8220;][et_pb_column type=&#8220;4_4&#8243; _builder_version=&#8220;3.26.6&#8243; global_colors_info=&#8220;{}&#8220;][et_pb_text _builder_version=&#8220;4.13.0&#8243; header_2_font_size=&#8220;22px&#8220; global_colors_info=&#8220;{}&#8220;]<h2>Unsere Partner:<\/h2>[\/et_pb_text][\/et_pb_column][\/et_pb_row][et_pb_row column_structure=&#8220;1_6,1_6,1_6,1_6,1_6,1_6&#8243; module_class=&#8220;btn-inline&#8220; _builder_version=&#8220;3.26.6&#8243; custom_margin=&#8220;-40px||||false|false&#8220; locked=&#8220;off&#8220; global_colors_info=&#8220;{}&#8220;][et_pb_column type=&#8220;1_6&#8243; _builder_version=&#8220;3.26.6&#8243; global_colors_info=&#8220;{}&#8220;][et_pb_image src=&#8220;https:\/\/www.infosim.net\/wp-content\/uploads\/1\/2021\/12\/anaptis-logo.png&#8220; alt=&#8220;Anaptis Logo&#8220; title_text=&#8220;Anaptis Logo&#8220; url=&#8220;https:\/\/www.anaptis.com&#8220; align_tablet=&#8220;&#8220; align_phone=&#8220;center&#8220; align_last_edited=&#8220;on|desktop&#8220; module_class=&#8220;side-by-side&#8220; _builder_version=&#8220;4.13.0&#8243; width_tablet=&#8220;&#8220; width_phone=&#8220;160px&#8220; width_last_edited=&#8220;on|desktop&#8220; custom_margin=&#8220;10px||||false|false&#8220; global_colors_info=&#8220;{}&#8220;][\/et_pb_image][\/et_pb_column][et_pb_column type=&#8220;1_6&#8243; _builder_version=&#8220;3.26.6&#8243; global_colors_info=&#8220;{}&#8220;][et_pb_image src=&#8220;https:\/\/www.infosim.net\/wp-content\/uploads\/1\/2021\/12\/skz-logo.png&#8220; alt=&#8220;SKZ Logo&#8220; title_text=&#8220;Skz Logo&#8220; url=&#8220;https:\/\/www.skz.de&#8220; align=&#8220;center&#8220; align_tablet=&#8220;&#8220; align_phone=&#8220;center&#8220; align_last_edited=&#8220;on|desktop&#8220; _builder_version=&#8220;4.13.0&#8243; width_tablet=&#8220;&#8220; width_phone=&#8220;160px&#8220; width_last_edited=&#8220;on|desktop&#8220; custom_margin=&#8220;10px||||false|false&#8220; custom_padding=&#8220;||||false|false&#8220; global_colors_info=&#8220;{}&#8220;][\/et_pb_image][\/et_pb_column][et_pb_column type=&#8220;1_6&#8243; _builder_version=&#8220;3.26.6&#8243; global_colors_info=&#8220;{}&#8220;][\/et_pb_column][et_pb_column type=&#8220;1_6&#8243; _builder_version=&#8220;3.26.6&#8243; global_colors_info=&#8220;{}&#8220;][\/et_pb_column][et_pb_column type=&#8220;1_6&#8243; _builder_version=&#8220;3.26.6&#8243; global_colors_info=&#8220;{}&#8220;][\/et_pb_column][et_pb_column type=&#8220;1_6&#8243; _builder_version=&#8220;3.26.6&#8243; global_colors_info=&#8220;{}&#8220;][\/et_pb_column][\/et_pb_row][\/et_pb_section]\n","protected":false},"excerpt":{"rendered":"<p>QONCERT Datenbasierte Automatisierung der Qualit\u00e4tspr\u00fcfung und Online-Vermarktung von Rezyklaten in der Circular Economy durch robuste TechnologienZielsetzung Die Circular Economy ist eine der gr\u00f6\u00dften Aufgaben unserer Zeit. Dies gilt besonders f\u00fcr Kunststoffe, f\u00fcr die &#8222;Reduce, Reuse und Recycle&#8220; dringend verbessert werden m\u00fcssen, um den Rohstoffverbrauch zu senken. Dies fordert auch die EU in ihrem Circular Economy [&hellip;]<\/p>\n","protected":false},"author":17,"featured_media":0,"parent":24825,"menu_order":0,"comment_status":"closed","ping_status":"closed","template":"","meta":{"_et_pb_use_builder":"on","_et_pb_old_content":"","_et_gb_content_width":"","_relevanssi_hide_post":"","_relevanssi_hide_content":"","_relevanssi_pin_for_all":"","_relevanssi_pin_keywords":"","_relevanssi_unpin_keywords":"","_relevanssi_related_keywords":"","_relevanssi_related_include_ids":"","_relevanssi_related_exclude_ids":"","_relevanssi_related_no_append":"","_relevanssi_related_not_related":"","_relevanssi_related_posts":"33089,26868,29139,29154,29141,30080","_relevanssi_noindex_reason":"","footnotes":""},"class_list":["post-37809","page","type-page","status-publish","hentry"],"yoast_head":"<!-- This site is optimized with the Yoast SEO Premium plugin v26.3 (Yoast SEO v26.3) - https:\/\/yoast.com\/wordpress\/plugins\/seo\/ -->\n<title>Qoncert - Infosim\u00ae Forschung<\/title>\n<meta name=\"description\" content=\"Neues Forschungsprojekt: Datenbasierte Automatisierung der Qualit\u00e4tspr\u00fcfung und Online-Vermarktung von Rezyklaten in der Circular Economy.\" \/>\n<meta name=\"robots\" content=\"noindex, follow\" \/>\n<meta property=\"og:locale\" content=\"de_DE\" \/>\n<meta property=\"og:type\" content=\"article\" \/>\n<meta property=\"og:title\" content=\"Qoncert\" \/>\n<meta property=\"og:description\" content=\"Neues Forschungsprojekt: Datenbasierte Automatisierung der Qualit\u00e4tspr\u00fcfung und Online-Vermarktung von Rezyklaten in der Circular Economy.\" \/>\n<meta property=\"og:url\" content=\"https:\/\/www.infosim.net\/innovation\/research-projects\/qoncert\/\" \/>\n<meta property=\"og:site_name\" content=\"Infosim\u00ae\" \/>\n<meta property=\"article:publisher\" content=\"https:\/\/www.facebook.com\/infosimhq\/\" \/>\n<meta property=\"article:modified_time\" content=\"2022-02-28T13:01:31+00:00\" \/>\n<meta property=\"og:image\" content=\"https:\/\/www.infosim.net\/wp-content\/uploads\/1\/2022\/01\/QONCERT_Logo_718x718.jpg\" \/>\n<meta name=\"twitter:card\" content=\"summary_large_image\" \/>\n<meta name=\"twitter:site\" content=\"@infosimdotcom\" \/>\n<meta name=\"twitter:label1\" content=\"Gesch\u00e4tzte Lesezeit\" \/>\n\t<meta name=\"twitter:data1\" content=\"3\u00a0Minuten\" \/>\n<script type=\"application\/ld+json\" class=\"yoast-schema-graph\">{\"@context\":\"https:\/\/schema.org\",\"@graph\":[{\"@type\":\"WebPage\",\"@id\":\"https:\/\/www.infosim.net\/innovation\/research-projects\/qoncert\/\",\"url\":\"https:\/\/www.infosim.net\/innovation\/research-projects\/qoncert\/\",\"name\":\"Qoncert - Infosim\u00ae Forschung\",\"isPartOf\":{\"@id\":\"https:\/\/www.infosim.net\/#website\"},\"datePublished\":\"2022-01-12T08:23:24+00:00\",\"dateModified\":\"2022-02-28T13:01:31+00:00\",\"description\":\"Neues Forschungsprojekt: Datenbasierte Automatisierung der Qualit\u00e4tspr\u00fcfung und Online-Vermarktung von Rezyklaten in der Circular Economy.\",\"breadcrumb\":{\"@id\":\"https:\/\/www.infosim.net\/innovation\/research-projects\/qoncert\/#breadcrumb\"},\"inLanguage\":\"de\",\"potentialAction\":[{\"@type\":\"ReadAction\",\"target\":[\"https:\/\/www.infosim.net\/innovation\/research-projects\/qoncert\/\"]}]},{\"@type\":\"BreadcrumbList\",\"@id\":\"https:\/\/www.infosim.net\/innovation\/research-projects\/qoncert\/#breadcrumb\",\"itemListElement\":[{\"@type\":\"ListItem\",\"position\":1,\"name\":\"Home\",\"item\":\"https:\/\/www.infosim.net\/\"},{\"@type\":\"ListItem\",\"position\":2,\"name\":\"Innovation\",\"item\":\"https:\/\/www.infosim.net\/de\/innovation\/\"},{\"@type\":\"ListItem\",\"position\":3,\"name\":\"Forschungsprojekte\",\"item\":\"https:\/\/www.infosim.net\/innovation\/research-projects\/\"},{\"@type\":\"ListItem\",\"position\":4,\"name\":\"Qoncert\"}]},{\"@type\":\"WebSite\",\"@id\":\"https:\/\/www.infosim.net\/#website\",\"url\":\"https:\/\/www.infosim.net\/\",\"name\":\"Infosim\u00ae\",\"description\":\"Infosim\u00ae Group\",\"publisher\":{\"@id\":\"https:\/\/www.infosim.net\/#organization\"},\"potentialAction\":[{\"@type\":\"SearchAction\",\"target\":{\"@type\":\"EntryPoint\",\"urlTemplate\":\"https:\/\/www.infosim.net\/?s={search_term_string}\"},\"query-input\":{\"@type\":\"PropertyValueSpecification\",\"valueRequired\":true,\"valueName\":\"search_term_string\"}}],\"inLanguage\":\"de\"},{\"@type\":\"Organization\",\"@id\":\"https:\/\/www.infosim.net\/#organization\",\"name\":\"Infosim GmbH & Co. KG\",\"url\":\"https:\/\/www.infosim.net\/\",\"logo\":{\"@type\":\"ImageObject\",\"inLanguage\":\"de\",\"@id\":\"https:\/\/www.infosim.net\/#\/schema\/logo\/image\/\",\"url\":\"https:\/\/www.infosim.net\/wp-content\/uploads\/1\/2018\/11\/infosim-news-8.jpg\",\"contentUrl\":\"https:\/\/www.infosim.net\/wp-content\/uploads\/1\/2018\/11\/infosim-news-8.jpg\",\"width\":800,\"height\":500,\"caption\":\"Infosim GmbH & Co. KG\"},\"image\":{\"@id\":\"https:\/\/www.infosim.net\/#\/schema\/logo\/image\/\"},\"sameAs\":[\"https:\/\/www.facebook.com\/infosimhq\/\",\"https:\/\/x.com\/infosimdotcom\",\"https:\/\/www.instagram.com\/infosim\/\",\"https:\/\/www.linkedin.com\/company\/infosim\",\"https:\/\/www.youtube.com\/user\/infosimtv\"]}]}<\/script>\n<!-- \/ Yoast SEO Premium plugin. -->","yoast_head_json":{"title":"Qoncert - Infosim\u00ae Forschung","description":"Neues Forschungsprojekt: Datenbasierte Automatisierung der Qualit\u00e4tspr\u00fcfung und Online-Vermarktung von Rezyklaten in der Circular Economy.","robots":{"index":"noindex","follow":"follow"},"og_locale":"de_DE","og_type":"article","og_title":"Qoncert","og_description":"Neues Forschungsprojekt: Datenbasierte Automatisierung der Qualit\u00e4tspr\u00fcfung und Online-Vermarktung von Rezyklaten in der Circular Economy.","og_url":"https:\/\/www.infosim.net\/innovation\/research-projects\/qoncert\/","og_site_name":"Infosim\u00ae","article_publisher":"https:\/\/www.facebook.com\/infosimhq\/","article_modified_time":"2022-02-28T13:01:31+00:00","og_image":[{"url":"https:\/\/www.infosim.net\/wp-content\/uploads\/1\/2022\/01\/QONCERT_Logo_718x718.jpg","type":"","width":"","height":""}],"twitter_card":"summary_large_image","twitter_site":"@infosimdotcom","twitter_misc":{"Gesch\u00e4tzte Lesezeit":"3\u00a0Minuten"},"schema":{"@context":"https:\/\/schema.org","@graph":[{"@type":"WebPage","@id":"https:\/\/www.infosim.net\/innovation\/research-projects\/qoncert\/","url":"https:\/\/www.infosim.net\/innovation\/research-projects\/qoncert\/","name":"Qoncert - Infosim\u00ae Forschung","isPartOf":{"@id":"https:\/\/www.infosim.net\/#website"},"datePublished":"2022-01-12T08:23:24+00:00","dateModified":"2022-02-28T13:01:31+00:00","description":"Neues Forschungsprojekt: Datenbasierte Automatisierung der Qualit\u00e4tspr\u00fcfung und Online-Vermarktung von Rezyklaten in der Circular Economy.","breadcrumb":{"@id":"https:\/\/www.infosim.net\/innovation\/research-projects\/qoncert\/#breadcrumb"},"inLanguage":"de","potentialAction":[{"@type":"ReadAction","target":["https:\/\/www.infosim.net\/innovation\/research-projects\/qoncert\/"]}]},{"@type":"BreadcrumbList","@id":"https:\/\/www.infosim.net\/innovation\/research-projects\/qoncert\/#breadcrumb","itemListElement":[{"@type":"ListItem","position":1,"name":"Home","item":"https:\/\/www.infosim.net\/"},{"@type":"ListItem","position":2,"name":"Innovation","item":"https:\/\/www.infosim.net\/de\/innovation\/"},{"@type":"ListItem","position":3,"name":"Forschungsprojekte","item":"https:\/\/www.infosim.net\/innovation\/research-projects\/"},{"@type":"ListItem","position":4,"name":"Qoncert"}]},{"@type":"WebSite","@id":"https:\/\/www.infosim.net\/#website","url":"https:\/\/www.infosim.net\/","name":"Infosim\u00ae","description":"Infosim\u00ae Group","publisher":{"@id":"https:\/\/www.infosim.net\/#organization"},"potentialAction":[{"@type":"SearchAction","target":{"@type":"EntryPoint","urlTemplate":"https:\/\/www.infosim.net\/?s={search_term_string}"},"query-input":{"@type":"PropertyValueSpecification","valueRequired":true,"valueName":"search_term_string"}}],"inLanguage":"de"},{"@type":"Organization","@id":"https:\/\/www.infosim.net\/#organization","name":"Infosim GmbH & Co. KG","url":"https:\/\/www.infosim.net\/","logo":{"@type":"ImageObject","inLanguage":"de","@id":"https:\/\/www.infosim.net\/#\/schema\/logo\/image\/","url":"https:\/\/www.infosim.net\/wp-content\/uploads\/1\/2018\/11\/infosim-news-8.jpg","contentUrl":"https:\/\/www.infosim.net\/wp-content\/uploads\/1\/2018\/11\/infosim-news-8.jpg","width":800,"height":500,"caption":"Infosim GmbH & Co. KG"},"image":{"@id":"https:\/\/www.infosim.net\/#\/schema\/logo\/image\/"},"sameAs":["https:\/\/www.facebook.com\/infosimhq\/","https:\/\/x.com\/infosimdotcom","https:\/\/www.instagram.com\/infosim\/","https:\/\/www.linkedin.com\/company\/infosim","https:\/\/www.youtube.com\/user\/infosimtv"]}]}},"_links":{"self":[{"href":"https:\/\/www.infosim.net\/de\/wp-json\/wp\/v2\/pages\/37809","targetHints":{"allow":["GET"]}}],"collection":[{"href":"https:\/\/www.infosim.net\/de\/wp-json\/wp\/v2\/pages"}],"about":[{"href":"https:\/\/www.infosim.net\/de\/wp-json\/wp\/v2\/types\/page"}],"author":[{"embeddable":true,"href":"https:\/\/www.infosim.net\/de\/wp-json\/wp\/v2\/users\/17"}],"replies":[{"embeddable":true,"href":"https:\/\/www.infosim.net\/de\/wp-json\/wp\/v2\/comments?post=37809"}],"version-history":[{"count":10,"href":"https:\/\/www.infosim.net\/de\/wp-json\/wp\/v2\/pages\/37809\/revisions"}],"predecessor-version":[{"id":38502,"href":"https:\/\/www.infosim.net\/de\/wp-json\/wp\/v2\/pages\/37809\/revisions\/38502"}],"up":[{"embeddable":true,"href":"https:\/\/www.infosim.net\/de\/wp-json\/wp\/v2\/pages\/24825"}],"wp:attachment":[{"href":"https:\/\/www.infosim.net\/de\/wp-json\/wp\/v2\/media?parent=37809"}],"curies":[{"name":"wp","href":"https:\/\/api.w.org\/{rel}","templated":true}]}}