{"id":17728,"date":"2019-04-23T10:46:32","date_gmt":"2019-04-23T10:46:32","guid":{"rendered":"https:\/\/www.infosim.net\/dr-stefan-kohler-ceo\/"},"modified":"2019-05-07T08:37:27","modified_gmt":"2019-05-07T08:37:27","slug":"dr-stefan-kohler-ceo","status":"publish","type":"page","link":"https:\/\/www.infosim.net\/de\/ueber-infosim\/dr-stefan-kohler-ceo\/","title":{"rendered":"Dr. Stefan K\u00f6hler &#8211; CEO und Gr\u00fcndungs\u00admitglied"},"content":{"rendered":"\n\n[et_pb_section fb_built=&#8220;1&#8243; _builder_version=&#8220;3.22.3&#8243; background_color=&#8220;rgba(65,65,65,0.04)&#8220; custom_padding=&#8220;20px|0px|20px|0px|false|false&#8220;][et_pb_row _builder_version=&#8220;3.22.3&#8243;][et_pb_column type=&#8220;1_4&#8243; _builder_version=&#8220;3.21.4&#8243;][\/et_pb_column][et_pb_column type=&#8220;3_4&#8243; _builder_version=&#8220;3.21.4&#8243;][et_pb_text _builder_version=&#8220;3.21.4&#8243; header_font=&#8220;||||||||&#8220; header_text_color=&#8220;#004851&#8243; header_2_font=&#8220;||||||||&#8220; header_2_text_color=&#8220;#004851&#8243;]<h1>Dr. Stefan K\u00f6hler<\/h1>\r\n<h2>CEO und Gr\u00fcndungs\u00admitglied<\/h2>[\/et_pb_text][\/et_pb_column][\/et_pb_row][\/et_pb_section][et_pb_section fb_built=&#8220;1&#8243; _builder_version=&#8220;3.22.3&#8243;][et_pb_row _builder_version=&#8220;3.22.3&#8243;][et_pb_column type=&#8220;1_4&#8243; _builder_version=&#8220;3.21.4&#8243;][et_pb_team_member name=&#8220;Dr. Stefan K\u00f6hler&#8220; position=&#8220;CEO &#038; Gr\u00fcndungsmitglied&#8220; image_url=&#8220;https:\/\/www.infosim.net\/wp-content\/uploads\/1\/2019\/04\/stefan_koehler.jpg&#8220; linkedin_url=&#8220;https:\/\/www.linkedin.com\/in\/stefank2&#8243; icon_color=&#8220;#007377&#8243; _builder_version=&#8220;3.22.4&#8243; header_font=&#8220;||||||||&#8220; header_text_align=&#8220;left&#8220; header_font_size=&#8220;20px&#8220; body_font=&#8220;||||||||&#8220; body_text_align=&#8220;left&#8220; body_font_size=&#8220;16px&#8220; text_orientation=&#8220;left&#8220; max_width=&#8220;80%&#8220; module_alignment=&#8220;center&#8220; locked=&#8220;off&#8220; max_width__hover_enabled=&#8220;on&#8220; max_width__hover=&#8220;80%&#8220; child_filter_saturate__hover_enabled=&#8220;on&#8220; child_filter_saturate__hover=&#8220;100%&#8220; transform_styles__hover_enabled=&#8220;on&#8220; transform_scale__hover_enabled=&#8220;on&#8220; transform_translate__hover_enabled=&#8220;on&#8220; transform_rotate__hover_enabled=&#8220;on&#8220; transform_skew__hover_enabled=&#8220;on&#8220; transform_origin__hover_enabled=&#8220;on&#8220;][\/et_pb_team_member][\/et_pb_column][et_pb_column type=&#8220;3_4&#8243; _builder_version=&#8220;3.21.4&#8243;][et_pb_text _builder_version=&#8220;3.21.4&#8243; text_font=&#8220;||||||||&#8220; text_font_size=&#8220;18px&#8220;]<p><strong>Dr. Stefan K\u00f6hler<\/strong> hat an der Universit\u00e4t W\u00fcrzburg Physik und Informatik studiert. Von 1998 bis 2003 war er dort wissenschaftlicher Mitarbeiter am Lehrstuhl f\u00fcr verteilte Systeme.<\/p>[\/et_pb_text][et_pb_text _builder_version=&#8220;3.22.2&#8243;]<p>Seine Interessensgebiete w\u00e4hrend dieser Zeit waren die Analyse und Optimierung von Routing-Protokollen, sowie Performance-Analyse und Implementierung von Quality-of-Service-Mechanismen, wie z.B. DiffServ oder MPLS-TE. Ebenso war er an mehreren Forschungsprojekten mit Nortel, Siemens, Deutsche Telekom und France Telecom beteiligt.\u00a0Er hat mehrere technische Publikationen, speziell im Bereich IP-Routing, Netzwerkoptimierung und QoS ver\u00f6ffentlicht, und ist einer der Erfinder und Inhaber der Infosim<sup style=\"font-size: 50%;\">\u00ae<\/sup> Patente. <br \/>Dr. Stefan K\u00f6hler ist eine f\u00fchrende Autorit\u00e4t auf dem Gebiet des Netzwerkmanagements, insbesondere in den Bereichen Verwaltung, Gestaltung und Optimierung von gro\u00dfen IP-Netzwerken.<\/p>[\/et_pb_text][et_pb_button button_url=&#8220;https:\/\/www.infosim.net\/de\/ueber-infosim\/management\/&#8220; button_text=&#8220;Zur\u00fcck zu Management&#8220; _builder_version=&#8220;3.22.4&#8243; custom_button=&#8220;on&#8220; button_text_color=&#8220;#007377&#8243; button_bg_color=&#8220;#ffffff&#8220; button_border_color=&#8220;#007377&#8243; button_font=&#8220;||||||||&#8220; button_icon=&#8220;%%2%%&#8220; button_icon_placement=&#8220;left&#8220; button_on_hover=&#8220;off&#8220; button_text_color__hover_enabled=&#8220;on&#8220; button_text_color__hover=&#8220;#ffffff&#8220; button_bg_color__hover_enabled=&#8220;on&#8220; button_bg_color__hover=&#8220;#007377&#8243;][\/et_pb_button][et_pb_button button_url=&#8220;https:\/\/www.infosim.net\/de\/ueber-infosim&#8220; button_text=&#8220;Zur\u00fcck zu \u00dcber Infosim&#8220; _builder_version=&#8220;3.22.4&#8243; custom_button=&#8220;on&#8220; button_text_color=&#8220;#007377&#8243; button_bg_color=&#8220;#ffffff&#8220; button_border_color=&#8220;#007377&#8243; button_font=&#8220;||||||||&#8220; button_icon=&#8220;%%2%%&#8220; button_icon_placement=&#8220;left&#8220; button_on_hover=&#8220;off&#8220; button_text_color__hover_enabled=&#8220;on&#8220; button_text_color__hover=&#8220;#ffffff&#8220; button_bg_color__hover_enabled=&#8220;on&#8220; button_bg_color__hover=&#8220;#007377&#8243; locked=&#8220;off&#8220;][\/et_pb_button][\/et_pb_column][\/et_pb_row][\/et_pb_section][et_pb_section fb_built=&#8220;1&#8243; disabled_on=&#8220;off|off|off&#8220; _builder_version=&#8220;3.18.9&#8243; background_color=&#8220;#333333&#8243; global_module=&#8220;13426&#8243;][et_pb_row use_custom_gutter=&#8220;on&#8220; padding_left_3=&#8220;3%&#8220; disabled_on=&#8220;on|on|&#8220; _builder_version=&#8220;3.22.3&#8243; max_width=&#8220;80%&#8220; use_custom_width=&#8220;on&#8220; width_unit=&#8220;off&#8220;][et_pb_column type=&#8220;1_4&#8243; _builder_version=&#8220;3.0.47&#8243;][et_pb_image src=&#8220;https:\/\/www.infosim.net\/wp-content\/uploads\/1\/2018\/11\/infosim-logo-weiss-footer.png&#8220; alt=&#8220;Logo Infosim\u00ae&#8220; url=&#8220;https:\/\/www.infosim.net\/&#8220; always_center_on_mobile=&#8220;off&#8220; admin_label=&#8220;Logo (desktop)&#8220; _builder_version=&#8220;3.18.9&#8243; max_width=&#8220;60%&#8220;][\/et_pb_image][\/et_pb_column][et_pb_column type=&#8220;1_4&#8243; _builder_version=&#8220;3.0.47&#8243;][et_pb_text admin_label=&#8220;Produkte &#038; Dienstleistungen (desktop)&#8220; _builder_version=&#8220;3.19.18&#8243; text_text_color=&#8220;rgba(73,162,166,0.9)&#8220; text_font_size=&#8220;18px&#8220; text_line_height=&#8220;1.8em&#8220; link_text_color=&#8220;#ffffff&#8220; link_line_height=&#8220;1.8em&#8220;]Produkte &amp; Dienstleistungen<br \/>\n<a title=\"StableNet\u00ae Netzwerkmanagementl\u00f6sung\" href=\"\/stablenet\/\">StableNet<sup style=\"font-size: 50%;\">\u00ae<\/sup><\/a><br \/>\n<a title=\"StableNet\u00ae Enterprise &amp; Telco\" href=\"\/stablenet\/solutions\/\">StableNet<sup style=\"font-size: 50%;\">\u00ae<\/sup> \u2013 L\u00f6sungen<\/a><br \/>\n<a title=\"StableNet\u00ae Test Version\" href=\"\/stablenet\/support\/trial\/\">StableNet<sup style=\"font-size: 50%;\">\u00ae<\/sup> \u2013 Trial<\/a><br \/>\n<a title=\"StableNet\u00ae Demo\" href=\"\/stablenet\/support\/demo-request\/\">StableNet<sup style=\"font-size: 50%;\">\u00ae<\/sup> \u2013 Demo<\/a><br \/>\n<a title=\"Unternehmensl\u00f6sungen\" href=\"\/unternehmensloesungen\/\">Microsoft Dynamics NAV<\/a>[\/et_pb_text][et_pb_text admin_label=&#8220;Support (desktop)&#8220; _builder_version=&#8220;3.18.9&#8243; text_text_color=&#8220;rgba(73,162,166,0.9)&#8220; text_font_size=&#8220;18px&#8220; text_line_height=&#8220;1.8em&#8220; link_text_color=&#8220;#ffffff&#8220; link_line_height=&#8220;1.8em&#8220;]<p>\nSupport<br \/><a title=\"StableNet\u00ae Portal\" href=\"https:\/\/support.infosim.net\/\">StableNet<sup style=\"font-size: 50%;\">\u00ae<\/sup> Portal<\/a><br \/><a title=\"StableNet\u00ae Ticket-Support\" href=\"https:\/\/tickets.infosim.net\/otrs\/customer.pl\">StableNet<sup style=\"font-size: 50%;\">\u00ae<\/sup> Ticket-Support<\/a><br \/><a title=\"StableNet\u00ae FAQ\" href=\"https:\/\/support.infosim.net\/faq\/\">StableNet<sup style=\"font-size: 50%;\">\u00ae<\/sup> FAQ<\/a><br \/><a title=\"NAV Ticket-Support\" href=\"https:\/\/navtickets.infosim.net\/otrs\/customer.pl\">NAV Ticket-Support<\/a><\/p>[\/et_pb_text][\/et_pb_column][et_pb_column type=&#8220;1_4&#8243; _builder_version=&#8220;3.0.47&#8243;][et_pb_text admin_label=&#8220;\u00dcber Infosim (desktop)&#8220; _builder_version=&#8220;3.19.18&#8243; text_text_color=&#8220;rgba(73,162,166,0.9)&#8220; text_font_size=&#8220;18px&#8220; text_line_height=&#8220;1.8em&#8220; link_text_color=&#8220;#ffffff&#8220; link_line_height=&#8220;1.8em&#8220;]<p>\u00dcber Infosim<sup style=\"font-size: 50%;\">\u00ae<\/sup><br \/>\n<a title=\"Management der Infosim\u00ae\" href=\"https:\/\/www.infosim.net\/de\/ueber-infosim\/#management\">Management<\/a><br \/>\n<a title=\"News \u00fcber Infosim\u00ae\" href=\"https:\/\/www.infosim.net\/de\/news\/\">News<\/a><br \/>\n<a title=\"Aktuelle Events\" href=\"https:\/\/www.infosim.net\/de\/news\/\">Events<\/a><br \/>\n<a title=\"Jobs und Karriere @ Infosim\u00ae\" href=\"https:\/\/www.infosim.net\/de\/karriere\/\">Jobs &amp; Karriere<\/a><br \/>\n<a title=\"Tagungszentrum Infosim\u00ae Base\" href=\"https:\/\/www.infosim.net\/de\/tagungszentrum-wuerzburg-infosim-base\/\">Tagungszentrum<\/a><br \/>\n<a title=\"Kontaktdaten und Standorte\" href=\"https:\/\/www.infosim.net\/de\/kontakt-standorte\/\">Kontakt &amp; Standorte<\/a><br \/>\n<a title=\"Datenschutz\" href=\"https:\/\/www.infosim.net\/de\/datenschutz\/\">Datenschutz<\/a><br \/>\n<a title=\"Impressum\" href=\"https:\/\/www.infosim.net\/de\/impressum\/\">Impressum<\/a>[\/et_pb_text][\/et_pb_column][et_pb_column type=&#8220;1_4&#8243; _builder_version=&#8220;3.0.47&#8243;][\/et_pb_column][\/et_pb_row][et_pb_row disabled_on=&#8220;||on&#8220; _builder_version=&#8220;3.22.3&#8243; max_width=&#8220;80%&#8220; use_custom_width=&#8220;on&#8220; width_unit=&#8220;off&#8220;][et_pb_column type=&#8220;1_4&#8243; _builder_version=&#8220;3.0.47&#8243;][et_pb_text admin_label=&#8220;Produkte &#038; Dienstleistungen (tablet\/mobile)&#8220; _builder_version=&#8220;3.19.18&#8243; text_text_color=&#8220;rgba(73,162,166,0.9)&#8220; text_font_size=&#8220;18px&#8220; text_line_height=&#8220;1.8em&#8220; link_text_color=&#8220;#ffffff&#8220; link_line_height=&#8220;2em&#8220;]Produkte &amp; Dienstleistungen<br \/>\n<a title=\"StableNet\u00ae Netzwerkmanagementl\u00f6sung\" href=\"\/stablenet\/\">StableNet<sup style=\"font-size: 50%;\">\u00ae<\/sup><\/a><br \/>\n<a title=\"StableNet\u00ae Enterprise &amp; Telco\" href=\"\/stablenet\/solutions\/\">StableNet<sup style=\"font-size: 50%;\">\u00ae<\/sup> \u2013 L\u00f6sungen<\/a><br \/>\n<a title=\"StableNet\u00ae Test Version\" href=\"\/stablenet\/support\/trial\/\">StableNet<sup style=\"font-size: 50%;\">\u00ae<\/sup> \u2013 Trial<\/a><br \/>\n<a title=\"StableNet\u00ae Demo\" href=\"\/stablenet\/support\/demo-request\/\">StableNet<sup style=\"font-size: 50%;\">\u00ae<\/sup> \u2013 Demo<\/a><br \/>\n<a title=\"Unternehmensl\u00f6sungen\" href=\"\/unternehmensloesungen\/\">Microsoft Dynamics NAV<\/a>[\/et_pb_text][\/et_pb_column][et_pb_column type=&#8220;1_4&#8243; _builder_version=&#8220;3.0.47&#8243;][et_pb_text admin_label=&#8220;Support (tablet\/mobile)&#8220; _builder_version=&#8220;3.18.9&#8243; text_text_color=&#8220;rgba(73,162,166,0.9)&#8220; text_font_size=&#8220;18px&#8220; text_line_height=&#8220;1.8em&#8220; link_text_color=&#8220;#ffffff&#8220; link_line_height=&#8220;2em&#8220;]<p>Support<br \/>\n<a href=\"https:\/\/support.infosim.net\/\">StableNet<sup style=\"font-size: 50%;\">\u00ae<\/sup> Portal<\/a><br \/>\n<a href=\"https:\/\/tickets.infosim.net\/otrs\/customer.pl\">StableNet<sup style=\"font-size: 50%;\">\u00ae<\/sup> Ticket-Support<\/a><br \/>\n<a href=\"https:\/\/support.infosim.net\/faq\/\">StableNet<sup style=\"font-size: 50%;\">\u00ae<\/sup> FAQ<\/a><br \/>\n<a href=\"https:\/\/navtickets.infosim.net\/otrs\/customer.pl\">NAV Ticket-Support<\/a><\/p>[\/et_pb_text][\/et_pb_column][et_pb_column type=&#8220;1_4&#8243; _builder_version=&#8220;3.0.47&#8243;][et_pb_text admin_label=&#8220;\u00dcber Infosim (tablet\/mobile)&#8220; _builder_version=&#8220;3.19.18&#8243; text_text_color=&#8220;rgba(73,162,166,0.9)&#8220; text_font_size=&#8220;18px&#8220; text_line_height=&#8220;1.8em&#8220; link_text_color=&#8220;#ffffff&#8220; link_line_height=&#8220;2em&#8220;]\u00dcber Infosim<sup style=\"font-size: 50%;\">\u00ae<\/sup><br \/>\n<a title=\"Management der Infosim\u00ae\" href=\"https:\/\/www.infosim.net\/de\/ueber-infosim\/#management\">Management<\/a><br \/>\n<a title=\"News \u00fcber Infosim\u00ae\" href=\"https:\/\/www.infosim.net\/de\/news\/\">News<\/a><br \/>\n<a title=\"Aktuelle Events\" href=\"https:\/\/www.infosim.net\/de\/news\/\">Events<\/a><br \/>\n<a title=\"Jobs und Karriere @ Infosim\u00ae\" href=\"https:\/\/www.infosim.net\/de\/karriere\/\">Jobs &amp; Karriere<\/a><br \/>\n<a title=\"Tagungszentrum Infosim\u00ae Base\" href=\"https:\/\/www.infosim.net\/de\/tagungszentrum-wuerzburg-infosim-base\/\">Tagungszentrum<\/a><br \/>\n<a title=\"Kontaktdaten und Standorte\" href=\"https:\/\/www.infosim.net\/de\/kontakt-standorte\/\">Kontakt &amp; Standorte<\/a><br \/>\n<a title=\"Datenschutz\" href=\"https:\/\/www.infosim.net\/de\/datenschutz\/\">Datenschutz<\/a><br \/>\n<a title=\"Impressum\" href=\"https:\/\/www.infosim.net\/de\/impressum\/\">Impressum<\/a>[\/et_pb_text][\/et_pb_column][et_pb_column type=&#8220;1_4&#8243; _builder_version=&#8220;3.0.47&#8243;][\/et_pb_column][\/et_pb_row][\/et_pb_section]\n\n","protected":false},"excerpt":{"rendered":"<p>Dr. Stefan K\u00f6hler CEO und Gr\u00fcndungs\u00admitgliedDr. Stefan K\u00f6hler hat an der Universit\u00e4t W\u00fcrzburg Physik und Informatik studiert. Von 1998 bis 2003 war er dort wissenschaftlicher Mitarbeiter am Lehrstuhl f\u00fcr verteilte Systeme.Seine Interessensgebiete w\u00e4hrend dieser Zeit waren die Analyse und Optimierung von Routing-Protokollen, sowie Performance-Analyse und Implementierung von Quality-of-Service-Mechanismen, wie z.B. DiffServ oder MPLS-TE. Ebenso war [&hellip;]<\/p>\n","protected":false},"author":10,"featured_media":0,"parent":10313,"menu_order":0,"comment_status":"closed","ping_status":"closed","template":"","meta":{"_et_pb_use_builder":"on","_et_pb_old_content":"","_et_gb_content_width":"","_relevanssi_hide_post":"","_relevanssi_hide_content":"","_relevanssi_pin_for_all":"","_relevanssi_pin_keywords":"","_relevanssi_unpin_keywords":"","_relevanssi_related_keywords":"","_relevanssi_related_include_ids":"","_relevanssi_related_exclude_ids":"","_relevanssi_related_no_append":"","_relevanssi_related_not_related":"","_relevanssi_related_posts":"","_relevanssi_noindex_reason":"","footnotes":""},"class_list":["post-17728","page","type-page","status-publish","hentry"],"yoast_head":"<!-- This site is optimized with the Yoast SEO Premium plugin v26.3 (Yoast SEO v26.3) - https:\/\/yoast.com\/wordpress\/plugins\/seo\/ -->\n<title>Dr. Stefan K\u00f6hler - CEO und Gr\u00fcndungs\u00admitglied - Infosim\u00ae<\/title>\n<meta name=\"description\" content=\"Dr. Stefan K\u00f6hler, Geschaftsf\u00fchrer von Infosim, hat an der Universit\u00e4t W\u00fcrzburg Physik und Informatik studiert. Von 1998 bis 2003 war er dort wissenschaftlicher Mitarbeiter am Lehrstuhl f\u00fcr verteilte Systeme.\" \/>\n<meta name=\"robots\" content=\"index, follow, max-snippet:-1, max-image-preview:large, max-video-preview:-1\" \/>\n<link rel=\"canonical\" href=\"https:\/\/www.infosim.net\/about-infosim\/dr-stefan-kohler-ceo\/\" \/>\n<meta property=\"og:locale\" content=\"de_DE\" \/>\n<meta property=\"og:type\" content=\"article\" \/>\n<meta property=\"og:title\" content=\"Dr. Stefan K\u00f6hler - CEO und Gr\u00fcndungs\u00admitglied\" \/>\n<meta property=\"og:description\" content=\"Dr. Stefan K\u00f6hler, Geschaftsf\u00fchrer von Infosim, hat an der Universit\u00e4t W\u00fcrzburg Physik und Informatik studiert. Von 1998 bis 2003 war er dort wissenschaftlicher Mitarbeiter am Lehrstuhl f\u00fcr verteilte Systeme.\" \/>\n<meta property=\"og:url\" content=\"https:\/\/www.infosim.net\/about-infosim\/dr-stefan-kohler-ceo\/\" \/>\n<meta property=\"og:site_name\" content=\"Infosim\u00ae\" \/>\n<meta property=\"article:publisher\" content=\"https:\/\/www.facebook.com\/infosimhq\/\" \/>\n<meta property=\"article:modified_time\" content=\"2019-05-07T08:37:27+00:00\" \/>\n<meta name=\"twitter:card\" content=\"summary_large_image\" \/>\n<meta name=\"twitter:site\" content=\"@infosimdotcom\" \/>\n<meta name=\"twitter:label1\" content=\"Gesch\u00e4tzte Lesezeit\" \/>\n\t<meta name=\"twitter:data1\" content=\"5\u00a0Minuten\" \/>\n<script type=\"application\/ld+json\" class=\"yoast-schema-graph\">{\"@context\":\"https:\/\/schema.org\",\"@graph\":[{\"@type\":\"WebPage\",\"@id\":\"https:\/\/www.infosim.net\/about-infosim\/dr-stefan-kohler-ceo\/\",\"url\":\"https:\/\/www.infosim.net\/about-infosim\/dr-stefan-kohler-ceo\/\",\"name\":\"Dr. Stefan K\u00f6hler - CEO und Gr\u00fcndungs\u00admitglied - Infosim\u00ae\",\"isPartOf\":{\"@id\":\"https:\/\/www.infosim.net\/#website\"},\"datePublished\":\"2019-04-23T10:46:32+00:00\",\"dateModified\":\"2019-05-07T08:37:27+00:00\",\"description\":\"Dr. Stefan K\u00f6hler, Geschaftsf\u00fchrer von Infosim, hat an der Universit\u00e4t W\u00fcrzburg Physik und Informatik studiert. Von 1998 bis 2003 war er dort wissenschaftlicher Mitarbeiter am Lehrstuhl f\u00fcr verteilte Systeme.\",\"breadcrumb\":{\"@id\":\"https:\/\/www.infosim.net\/about-infosim\/dr-stefan-kohler-ceo\/#breadcrumb\"},\"inLanguage\":\"de\",\"potentialAction\":[{\"@type\":\"ReadAction\",\"target\":[\"https:\/\/www.infosim.net\/about-infosim\/dr-stefan-kohler-ceo\/\"]}]},{\"@type\":\"BreadcrumbList\",\"@id\":\"https:\/\/www.infosim.net\/about-infosim\/dr-stefan-kohler-ceo\/#breadcrumb\",\"itemListElement\":[{\"@type\":\"ListItem\",\"position\":1,\"name\":\"Home\",\"item\":\"https:\/\/www.infosim.net\/\"},{\"@type\":\"ListItem\",\"position\":2,\"name\":\"\u00dcber Infosim\u00ae\",\"item\":\"https:\/\/www.infosim.net\/about-infosim\/\"},{\"@type\":\"ListItem\",\"position\":3,\"name\":\"Dr. Stefan K\u00f6hler &#8211; CEO und Gr\u00fcndungs\u00admitglied\"}]},{\"@type\":\"WebSite\",\"@id\":\"https:\/\/www.infosim.net\/#website\",\"url\":\"https:\/\/www.infosim.net\/\",\"name\":\"Infosim\u00ae\",\"description\":\"Infosim\u00ae Group\",\"publisher\":{\"@id\":\"https:\/\/www.infosim.net\/#organization\"},\"potentialAction\":[{\"@type\":\"SearchAction\",\"target\":{\"@type\":\"EntryPoint\",\"urlTemplate\":\"https:\/\/www.infosim.net\/?s={search_term_string}\"},\"query-input\":{\"@type\":\"PropertyValueSpecification\",\"valueRequired\":true,\"valueName\":\"search_term_string\"}}],\"inLanguage\":\"de\"},{\"@type\":\"Organization\",\"@id\":\"https:\/\/www.infosim.net\/#organization\",\"name\":\"Infosim GmbH & Co. KG\",\"url\":\"https:\/\/www.infosim.net\/\",\"logo\":{\"@type\":\"ImageObject\",\"inLanguage\":\"de\",\"@id\":\"https:\/\/www.infosim.net\/#\/schema\/logo\/image\/\",\"url\":\"https:\/\/www.infosim.net\/wp-content\/uploads\/1\/2018\/11\/infosim-news-8.jpg\",\"contentUrl\":\"https:\/\/www.infosim.net\/wp-content\/uploads\/1\/2018\/11\/infosim-news-8.jpg\",\"width\":800,\"height\":500,\"caption\":\"Infosim GmbH & Co. KG\"},\"image\":{\"@id\":\"https:\/\/www.infosim.net\/#\/schema\/logo\/image\/\"},\"sameAs\":[\"https:\/\/www.facebook.com\/infosimhq\/\",\"https:\/\/x.com\/infosimdotcom\",\"https:\/\/www.instagram.com\/infosim\/\",\"https:\/\/www.linkedin.com\/company\/infosim\",\"https:\/\/www.youtube.com\/user\/infosimtv\"]}]}<\/script>\n<!-- \/ Yoast SEO Premium plugin. -->","yoast_head_json":{"title":"Dr. Stefan K\u00f6hler - CEO und Gr\u00fcndungs\u00admitglied - Infosim\u00ae","description":"Dr. Stefan K\u00f6hler, Geschaftsf\u00fchrer von Infosim, hat an der Universit\u00e4t W\u00fcrzburg Physik und Informatik studiert. Von 1998 bis 2003 war er dort wissenschaftlicher Mitarbeiter am Lehrstuhl f\u00fcr verteilte Systeme.","robots":{"index":"index","follow":"follow","max-snippet":"max-snippet:-1","max-image-preview":"max-image-preview:large","max-video-preview":"max-video-preview:-1"},"canonical":"https:\/\/www.infosim.net\/about-infosim\/dr-stefan-kohler-ceo\/","og_locale":"de_DE","og_type":"article","og_title":"Dr. Stefan K\u00f6hler - CEO und Gr\u00fcndungs\u00admitglied","og_description":"Dr. Stefan K\u00f6hler, Geschaftsf\u00fchrer von Infosim, hat an der Universit\u00e4t W\u00fcrzburg Physik und Informatik studiert. Von 1998 bis 2003 war er dort wissenschaftlicher Mitarbeiter am Lehrstuhl f\u00fcr verteilte Systeme.","og_url":"https:\/\/www.infosim.net\/about-infosim\/dr-stefan-kohler-ceo\/","og_site_name":"Infosim\u00ae","article_publisher":"https:\/\/www.facebook.com\/infosimhq\/","article_modified_time":"2019-05-07T08:37:27+00:00","twitter_card":"summary_large_image","twitter_site":"@infosimdotcom","twitter_misc":{"Gesch\u00e4tzte Lesezeit":"5\u00a0Minuten"},"schema":{"@context":"https:\/\/schema.org","@graph":[{"@type":"WebPage","@id":"https:\/\/www.infosim.net\/about-infosim\/dr-stefan-kohler-ceo\/","url":"https:\/\/www.infosim.net\/about-infosim\/dr-stefan-kohler-ceo\/","name":"Dr. Stefan K\u00f6hler - CEO und Gr\u00fcndungs\u00admitglied - Infosim\u00ae","isPartOf":{"@id":"https:\/\/www.infosim.net\/#website"},"datePublished":"2019-04-23T10:46:32+00:00","dateModified":"2019-05-07T08:37:27+00:00","description":"Dr. Stefan K\u00f6hler, Geschaftsf\u00fchrer von Infosim, hat an der Universit\u00e4t W\u00fcrzburg Physik und Informatik studiert. Von 1998 bis 2003 war er dort wissenschaftlicher Mitarbeiter am Lehrstuhl f\u00fcr verteilte Systeme.","breadcrumb":{"@id":"https:\/\/www.infosim.net\/about-infosim\/dr-stefan-kohler-ceo\/#breadcrumb"},"inLanguage":"de","potentialAction":[{"@type":"ReadAction","target":["https:\/\/www.infosim.net\/about-infosim\/dr-stefan-kohler-ceo\/"]}]},{"@type":"BreadcrumbList","@id":"https:\/\/www.infosim.net\/about-infosim\/dr-stefan-kohler-ceo\/#breadcrumb","itemListElement":[{"@type":"ListItem","position":1,"name":"Home","item":"https:\/\/www.infosim.net\/"},{"@type":"ListItem","position":2,"name":"\u00dcber Infosim\u00ae","item":"https:\/\/www.infosim.net\/about-infosim\/"},{"@type":"ListItem","position":3,"name":"Dr. Stefan K\u00f6hler &#8211; CEO und Gr\u00fcndungs\u00admitglied"}]},{"@type":"WebSite","@id":"https:\/\/www.infosim.net\/#website","url":"https:\/\/www.infosim.net\/","name":"Infosim\u00ae","description":"Infosim\u00ae Group","publisher":{"@id":"https:\/\/www.infosim.net\/#organization"},"potentialAction":[{"@type":"SearchAction","target":{"@type":"EntryPoint","urlTemplate":"https:\/\/www.infosim.net\/?s={search_term_string}"},"query-input":{"@type":"PropertyValueSpecification","valueRequired":true,"valueName":"search_term_string"}}],"inLanguage":"de"},{"@type":"Organization","@id":"https:\/\/www.infosim.net\/#organization","name":"Infosim GmbH & Co. KG","url":"https:\/\/www.infosim.net\/","logo":{"@type":"ImageObject","inLanguage":"de","@id":"https:\/\/www.infosim.net\/#\/schema\/logo\/image\/","url":"https:\/\/www.infosim.net\/wp-content\/uploads\/1\/2018\/11\/infosim-news-8.jpg","contentUrl":"https:\/\/www.infosim.net\/wp-content\/uploads\/1\/2018\/11\/infosim-news-8.jpg","width":800,"height":500,"caption":"Infosim GmbH & Co. KG"},"image":{"@id":"https:\/\/www.infosim.net\/#\/schema\/logo\/image\/"},"sameAs":["https:\/\/www.facebook.com\/infosimhq\/","https:\/\/x.com\/infosimdotcom","https:\/\/www.instagram.com\/infosim\/","https:\/\/www.linkedin.com\/company\/infosim","https:\/\/www.youtube.com\/user\/infosimtv"]}]}},"_links":{"self":[{"href":"https:\/\/www.infosim.net\/de\/wp-json\/wp\/v2\/pages\/17728","targetHints":{"allow":["GET"]}}],"collection":[{"href":"https:\/\/www.infosim.net\/de\/wp-json\/wp\/v2\/pages"}],"about":[{"href":"https:\/\/www.infosim.net\/de\/wp-json\/wp\/v2\/types\/page"}],"author":[{"embeddable":true,"href":"https:\/\/www.infosim.net\/de\/wp-json\/wp\/v2\/users\/10"}],"replies":[{"embeddable":true,"href":"https:\/\/www.infosim.net\/de\/wp-json\/wp\/v2\/comments?post=17728"}],"version-history":[{"count":15,"href":"https:\/\/www.infosim.net\/de\/wp-json\/wp\/v2\/pages\/17728\/revisions"}],"predecessor-version":[{"id":18255,"href":"https:\/\/www.infosim.net\/de\/wp-json\/wp\/v2\/pages\/17728\/revisions\/18255"}],"up":[{"embeddable":true,"href":"https:\/\/www.infosim.net\/de\/wp-json\/wp\/v2\/pages\/10313"}],"wp:attachment":[{"href":"https:\/\/www.infosim.net\/de\/wp-json\/wp\/v2\/media?parent=17728"}],"curies":[{"name":"wp","href":"https:\/\/api.w.org\/{rel}","templated":true}]}}